{"id":63,"date":"2013-08-06T07:18:09","date_gmt":"2013-08-06T07:18:09","guid":{"rendered":"http:\/\/www.gt3themes.com\/wordpress-themes\/frame\/?page_id=63"},"modified":"2017-03-22T23:51:56","modified_gmt":"2017-03-22T21:51:56","slug":"about","status":"publish","type":"page","link":"https:\/\/www.happydaystory.com\/?page_id=63","title":{"rendered":"Hakk\u0131nda"},"content":{"rendered":"<p style=\"text-align: left;\">Happy Day Story<br \/>\n\u00c7ocuklu\u011funuzdan beri hayalini kurdu\u011funuz en de\u011ferli g\u00fcn\u00fcn\u00fczde sizlerin yan\u0131nda olmaktan k\u0131van\u00e7 ve mutluluk duyar\u0131z,hayallerinizi beraber unutulmaz an\u0131lara \u00e7evirece\u011fimiz ,bir nevi hayat\u0131n\u0131z\u0131n en\u2019leri olacak g\u00fcnlerde bizde var\u0131z<\/p>\n<p><a href=\"https:\/\/dugun.com\/redirect\/provider\/21284\/bl\" alt=\"Happy Day Wedding Story Dugun.com Sayfasi\"><img decoding=\"async\" src=\"https:\/\/dugun.com\/px\/profile\/21284\/1.png\" \/><\/a><\/p>\n","protected":false},"excerpt":{"rendered":"<p>Happy Day Story \u00c7ocuklu\u011funuzdan beri hayalini kurdu\u011funuz en de\u011ferli g\u00fcn\u00fcn\u00fczde sizlerin yan\u0131nda olmaktan k\u0131van\u00e7 ve mutluluk duyar\u0131z,hayallerinizi beraber unutulmaz an\u0131lara \u00e7evirece\u011fimiz ,bir nevi hayat\u0131n\u0131z\u0131n en\u2019leri olacak g\u00fcnlerde bizde var\u0131z<\/p>\n","protected":false},"author":1,"featured_media":0,"parent":0,"menu_order":0,"comment_status":"open","ping_status":"open","template":"","meta":[],"aioseo_notices":[],"_links":{"self":[{"href":"https:\/\/www.happydaystory.com\/index.php?rest_route=\/wp\/v2\/pages\/63"}],"collection":[{"href":"https:\/\/www.happydaystory.com\/index.php?rest_route=\/wp\/v2\/pages"}],"about":[{"href":"https:\/\/www.happydaystory.com\/index.php?rest_route=\/wp\/v2\/types\/page"}],"author":[{"embeddable":true,"href":"https:\/\/www.happydaystory.com\/index.php?rest_route=\/wp\/v2\/users\/1"}],"replies":[{"embeddable":true,"href":"https:\/\/www.happydaystory.com\/index.php?rest_route=%2Fwp%2Fv2%2Fcomments&post=63"}],"version-history":[{"count":5,"href":"https:\/\/www.happydaystory.com\/index.php?rest_route=\/wp\/v2\/pages\/63\/revisions"}],"predecessor-version":[{"id":642,"href":"https:\/\/www.happydaystory.com\/index.php?rest_route=\/wp\/v2\/pages\/63\/revisions\/642"}],"wp:attachment":[{"href":"https:\/\/www.happydaystory.com\/index.php?rest_route=%2Fwp%2Fv2%2Fmedia&parent=63"}],"curies":[{"name":"wp","href":"https:\/\/api.w.org\/{rel}","templated":true}]}}