{"id":490,"date":"2015-07-24T23:11:13","date_gmt":"2015-07-24T20:11:13","guid":{"rendered":"http:\/\/www.happydaystory.com\/?page_id=490"},"modified":"2025-05-02T17:11:33","modified_gmt":"2025-05-02T14:11:33","slug":"dugun-video","status":"publish","type":"page","link":"https:\/\/www.happydaystory.com\/?page_id=490","title":{"rendered":"Video"},"content":{"rendered":"<div style=\"padding: 56.25% 0 0 0; position: relative;\"><iframe style=\"position: absolute; top: 0; left: 0; width: 100%; height: 100%;\" title=\"Save The Date : \u00d6zge and Mert in Cappadocia ,Nev\u015fehir\" src=\"https:\/\/player.vimeo.com\/video\/1080485790?badge=0&amp;autopause=0&amp;player_id=0&amp;app_id=58479\" frameborder=\"0\" data-mce-fragment=\"1\"><\/iframe><\/div>\n<p><br \/><br \/><\/p>\n<p><iframe loading=\"lazy\" title=\"vimeo-player\" src=\"https:\/\/player.vimeo.com\/video\/783958061?h=12757e9eb9\" width=\"640\" height=\"360\" frameborder=\"0\" allowfullscreen=\"allowfullscreen\"><\/iframe><\/p>\n<p><a href=\"https:\/\/vimeo.com\/manage\/videos\/783958061\">Wedding Trailer: Cemre and Yunus in Holiday Inn Hotel ,Manisa<\/a><\/p>\n<p><iframe loading=\"lazy\" title=\"vimeo-player\" src=\"https:\/\/player.vimeo.com\/video\/783957695?h=b99c49a428\" width=\"640\" height=\"360\" frameborder=\"0\" allowfullscreen=\"allowfullscreen\"><\/iframe><\/p>\n<p><a title=\"Wedding Trailer: Bet\u00fcl and M\u00fcjdat in Hilton Hotel ,Ankara\" href=\"https:\/\/vimeo.com\/manage\/videos\/783957695\">Wedding Trailer: Bet\u00fcl and M\u00fcjdat in Hilton Hotel ,Ankara<\/a><\/p>\n<p><iframe loading=\"lazy\" title=\"vimeo-player\" src=\"https:\/\/player.vimeo.com\/video\/783956333?h=bf8f3c1efc\" width=\"640\" height=\"360\" frameborder=\"0\" allowfullscreen=\"allowfullscreen\"><\/iframe><\/p>\n<p><a title=\"Wedding Trailer: Beste and Serhat in Bilkent Hotel ,Ankara\" href=\"https:\/\/vimeo.com\/manage\/videos\/783956333\">Wedding Trailer: Beste and Serhat in Bilkent Hotel ,Ankara<\/a><\/p>\n<p><iframe loading=\"lazy\" title=\"vimeo-player\" src=\"https:\/\/player.vimeo.com\/video\/783954499?h=d09883bee0\" width=\"640\" height=\"360\" frameborder=\"0\" allowfullscreen=\"allowfullscreen\"><\/iframe><\/p>\n<p><a title=\"Wedding Trailer: Necla and Sertu\u011f in Westa Garden ,Ankara\" href=\"https:\/\/vimeo.com\/manage\/videos\/783954499\">Wedding Trailer: Necla and Sertu\u011f in Westa Garden ,Ankara<\/a><\/p>\n<p><iframe loading=\"lazy\" src=\"https:\/\/player.vimeo.com\/video\/258759718\" width=\"640\" height=\"360\" frameborder=\"0\" allowfullscreen=\"allowfullscreen\"><\/iframe><\/p>\n<p><a href=\"https:\/\/vimeo.com\/258759718\">Engagement Ceramony Teaser: Berna and Sinan in La Mozza \u0130ncek,Ankara<\/a> from <a href=\"https:\/\/vimeo.com\/happydaystory\">Happy Day Story<\/a> on <a href=\"https:\/\/vimeo.com\">Vimeo<\/a>.<\/p>\n<p><iframe loading=\"lazy\" src=\"https:\/\/player.vimeo.com\/video\/254005914\" width=\"640\" height=\"360\" frameborder=\"0\" allowfullscreen=\"allowfullscreen\"><\/iframe><\/p>\n<p><a href=\"https:\/\/vimeo.com\/254005914\">Happy Day Story Work in Hermes Cave Hotel<\/a> from <a href=\"https:\/\/vimeo.com\/happydaystory\">Happy Day Story<\/a> on <a href=\"https:\/\/vimeo.com\">Vimeo<\/a>.<\/p>\n<p><iframe loading=\"lazy\" src=\"https:\/\/player.vimeo.com\/video\/242073531\" width=\"640\" height=\"360\" frameborder=\"0\" allowfullscreen=\"allowfullscreen\"><\/iframe><\/p>\n<p><a href=\"https:\/\/vimeo.com\/242073531\">Wedding Teaser: Seyhan and Ali in Salda Lake ,Burdur<\/a> from <a href=\"https:\/\/vimeo.com\/happydaystory\">Happy Day Story<\/a> on <a href=\"https:\/\/vimeo.com\">Vimeo<\/a>.<\/p>\n<p><iframe loading=\"lazy\" src=\"https:\/\/player.vimeo.com\/video\/232785712\" width=\"640\" height=\"360\" frameborder=\"0\" allowfullscreen=\"allowfullscreen\"><\/iframe><\/p>\n<p><a href=\"https:\/\/vimeo.com\/232785712\">Wedding Teaser: B\u00fc\u015fra and Burak in U\u00e7hisar Kaya Hotel ,Nev\u015fehir<\/a> from <a href=\"https:\/\/vimeo.com\/happydaystory\">Happy Day Story<\/a> on <a href=\"https:\/\/vimeo.com\">Vimeo<\/a>.<\/p>\n<p><iframe loading=\"lazy\" src=\"https:\/\/player.vimeo.com\/video\/242468004\" width=\"640\" height=\"360\" frameborder=\"0\" allowfullscreen=\"allowfullscreen\"><\/iframe><\/p>\n<p><a href=\"https:\/\/vimeo.com\/242468004\">Engagement Ceramony Teaser: K\u00fcbra and U\u011fur in Ankara<\/a> from <a href=\"https:\/\/vimeo.com\/happydaystory\">Happy Day Story<\/a> on <a href=\"https:\/\/vimeo.com\">Vimeo<\/a>.<\/p>\n<p><iframe loading=\"lazy\" src=\"https:\/\/player.vimeo.com\/video\/241291859\" width=\"640\" height=\"360\" frameborder=\"0\" allowfullscreen=\"allowfullscreen\"><\/iframe><\/p>\n<p><a href=\"https:\/\/vimeo.com\/241291859\">Wedding Teaser: Nergis and Serkan in \u0130stanbul<\/a> from <a href=\"https:\/\/vimeo.com\/happydaystory\">Happy Day Story<\/a> on <a href=\"https:\/\/vimeo.com\">Vimeo<\/a>.<\/p>\n<p><iframe loading=\"lazy\" src=\"https:\/\/player.vimeo.com\/video\/241292866\" width=\"640\" height=\"360\" frameborder=\"0\" allowfullscreen=\"allowfullscreen\"><\/iframe><\/p>\n<p><a href=\"https:\/\/vimeo.com\/241292866\">Wedding Teaser: Miray and Tunca in JW Marriott Hotel,Ankara<\/a> from <a href=\"https:\/\/vimeo.com\/happydaystory\">Happy Day Story<\/a> on <a href=\"https:\/\/vimeo.com\">Vimeo<\/a>.<\/p>\n<p><iframe loading=\"lazy\" src=\"https:\/\/player.vimeo.com\/video\/222966246\" width=\"640\" height=\"360\" frameborder=\"0\" allowfullscreen=\"allowfullscreen\"><\/iframe><\/p>\n<p><a href=\"https:\/\/vimeo.com\/222966246\">Save The Date Film : \u00d6zge and Cem in \u0130stanbul<\/a> from <a href=\"https:\/\/vimeo.com\/happydaystory\">Happy Day Story<\/a> on <a href=\"https:\/\/vimeo.com\">Vimeo<\/a>.<\/p>\n<p><iframe loading=\"lazy\" src=\"https:\/\/player.vimeo.com\/video\/209951914\" width=\"640\" height=\"360\" frameborder=\"0\" allowfullscreen=\"allowfullscreen\"><\/iframe><\/p>\n<p><a href=\"https:\/\/vimeo.com\/209951914\">Wedding Teaser: Gizem and An\u0131l in JW Marriott Hotel,Ankara<\/a> from <a href=\"https:\/\/vimeo.com\/happydaystory\">Happy Day Story<\/a> on <a href=\"https:\/\/vimeo.com\">Vimeo<\/a>.<\/p>\n<p><iframe loading=\"lazy\" src=\"https:\/\/player.vimeo.com\/video\/196064194\" width=\"640\" height=\"360\" frameborder=\"0\" allowfullscreen=\"allowfullscreen\"><\/iframe><\/p>\n<p><a href=\"https:\/\/vimeo.com\/196064194\">Wedding Trailer: Gizem and An\u0131l in JW Marriott Hotel,Ankara<\/a> from <a href=\"https:\/\/vimeo.com\/happydaystory\">Happy Day Story<\/a> on <a href=\"https:\/\/vimeo.com\">Vimeo<\/a>.<\/p>\n<p><iframe loading=\"lazy\" src=\"https:\/\/player.vimeo.com\/video\/213492100\" width=\"640\" height=\"360\" frameborder=\"0\" allowfullscreen=\"allowfullscreen\"><\/iframe><\/p>\n<p><a href=\"https:\/\/vimeo.com\/213492100\">Wedding Teaser: Melisa and Emre in Meyra Place Hotel,Ankara<\/a> from <a href=\"https:\/\/vimeo.com\/happydaystory\">Happy Day Story<\/a> on <a href=\"https:\/\/vimeo.com\">Vimeo<\/a>.<\/p>\n\n\n<p><\/p>\n","protected":false},"excerpt":{"rendered":"<p>Wedding Trailer: Cemre and Yunus in Holiday Inn Hotel ,Manisa Wedding Trailer: Bet\u00fcl and M\u00fcjdat in Hilton Hotel ,Ankara Wedding Trailer: Beste and Serhat in Bilkent Hotel ,Ankara Wedding Trailer: Necla and Sertu\u011f in Westa Garden ,Ankara Engagement Ceramony Teaser: Berna and Sinan in La Mozza \u0130ncek,Ankara from Happy Day Story on Vimeo. Happy Day Story Work in Hermes Cave Hotel from Happy Day Story on Vimeo. Wedding Teaser: Seyhan and Ali in Salda Lake ,Burdur from Happy Day Story on Vimeo. Wedding Teaser: B\u00fc\u015fra and Burak in U\u00e7hisar Kaya Hotel ,Nev\u015fehir from Happy Day Story on Vimeo. Engagement Ceramony Teaser: K\u00fcbra and U\u011fur in Ankara from Happy Day Story on Vimeo. Wedding Teaser: Nergis and Serkan in \u0130stanbul from Happy Day Story on Vimeo. Wedding Teaser: Miray and Tunca in JW Marriott Hotel,Ankara from Happy Day Story on Vimeo. Save The Date Film : \u00d6zge and Cem in \u0130stanbul from Happy Day Story on Vimeo. Wedding Teaser: Gizem and An\u0131l in JW Marriott Hotel,Ankara from Happy Day Story on Vimeo. Wedding Trailer: Gizem and An\u0131l in JW Marriott Hotel,Ankara from Happy Day Story on Vimeo. Wedding Teaser: Melisa and Emre in Meyra Place Hotel,Ankara from Happy Day Story on [&hellip;]<\/p>\n","protected":false},"author":1,"featured_media":0,"parent":0,"menu_order":0,"comment_status":"open","ping_status":"open","template":"page-fullwidth.php","meta":[],"aioseo_notices":[],"_links":{"self":[{"href":"https:\/\/www.happydaystory.com\/index.php?rest_route=\/wp\/v2\/pages\/490"}],"collection":[{"href":"https:\/\/www.happydaystory.com\/index.php?rest_route=\/wp\/v2\/pages"}],"about":[{"href":"https:\/\/www.happydaystory.com\/index.php?rest_route=\/wp\/v2\/types\/page"}],"author":[{"embeddable":true,"href":"https:\/\/www.happydaystory.com\/index.php?rest_route=\/wp\/v2\/users\/1"}],"replies":[{"embeddable":true,"href":"https:\/\/www.happydaystory.com\/index.php?rest_route=%2Fwp%2Fv2%2Fcomments&post=490"}],"version-history":[{"count":31,"href":"https:\/\/www.happydaystory.com\/index.php?rest_route=\/wp\/v2\/pages\/490\/revisions"}],"predecessor-version":[{"id":1410,"href":"https:\/\/www.happydaystory.com\/index.php?rest_route=\/wp\/v2\/pages\/490\/revisions\/1410"}],"wp:attachment":[{"href":"https:\/\/www.happydaystory.com\/index.php?rest_route=%2Fwp%2Fv2%2Fmedia&parent=490"}],"curies":[{"name":"wp","href":"https:\/\/api.w.org\/{rel}","templated":true}]}}