{"id":2,"date":"2014-10-17T19:54:06","date_gmt":"2014-10-17T19:54:06","guid":{"rendered":"http:\/\/www.happydaystory.com\/?page_id=2"},"modified":"2017-04-27T22:59:02","modified_gmt":"2017-04-27T19:59:02","slug":"ornek-sayfa","status":"publish","type":"page","link":"https:\/\/www.happydaystory.com\/?page_id=2","title":{"rendered":"Paketlerimiz"},"content":{"rendered":"<p>Ayr\u0131nt\u0131l\u0131 bilgi ve fiyatlar i\u00e7in ileti\u015fime ge\u00e7ebilirsiniz.<\/p>\n<p><a href=\"https:\/\/dugun.com\/redirect\/provider\/21284\/bl\" alt=\"Happy Day Wedding Story Dugun.com Sayfasi\"><img decoding=\"async\" src=\"https:\/\/dugun.com\/px\/profile\/21284\/1.png\" \/><\/a><\/p>\n","protected":false},"excerpt":{"rendered":"<p>Ayr\u0131nt\u0131l\u0131 bilgi ve fiyatlar i\u00e7in ileti\u015fime ge\u00e7ebilirsiniz.<\/p>\n","protected":false},"author":1,"featured_media":0,"parent":0,"menu_order":0,"comment_status":"open","ping_status":"open","template":"","meta":[],"aioseo_notices":[],"_links":{"self":[{"href":"https:\/\/www.happydaystory.com\/index.php?rest_route=\/wp\/v2\/pages\/2"}],"collection":[{"href":"https:\/\/www.happydaystory.com\/index.php?rest_route=\/wp\/v2\/pages"}],"about":[{"href":"https:\/\/www.happydaystory.com\/index.php?rest_route=\/wp\/v2\/types\/page"}],"author":[{"embeddable":true,"href":"https:\/\/www.happydaystory.com\/index.php?rest_route=\/wp\/v2\/users\/1"}],"replies":[{"embeddable":true,"href":"https:\/\/www.happydaystory.com\/index.php?rest_route=%2Fwp%2Fv2%2Fcomments&post=2"}],"version-history":[{"count":6,"href":"https:\/\/www.happydaystory.com\/index.php?rest_route=\/wp\/v2\/pages\/2\/revisions"}],"predecessor-version":[{"id":645,"href":"https:\/\/www.happydaystory.com\/index.php?rest_route=\/wp\/v2\/pages\/2\/revisions\/645"}],"wp:attachment":[{"href":"https:\/\/www.happydaystory.com\/index.php?rest_route=%2Fwp%2Fv2%2Fmedia&parent=2"}],"curies":[{"name":"wp","href":"https:\/\/api.w.org\/{rel}","templated":true}]}}